{"id":433,"date":"2022-10-20T12:30:14","date_gmt":"2022-10-20T10:30:14","guid":{"rendered":"https:\/\/www.lapizzadicalvonatale.it\/contacts\/"},"modified":"2025-04-17T13:01:11","modified_gmt":"2025-04-17T11:01:11","slug":"contacts","status":"publish","type":"page","link":"https:\/\/www.lapizzadicalvonatale.it\/fr\/contacts\/","title":{"rendered":"Contacts"},"content":{"rendered":"\t\t<div data-elementor-type=\"wp-page\" data-elementor-id=\"433\" class=\"elementor elementor-433 elementor-58\" data-elementor-post-type=\"page\">\n\t\t\t\t\t\t<section class=\"elementor-section elementor-top-section elementor-element elementor-element-4b922703 elementor-section-height-min-height elementor-section-boxed elementor-section-height-default elementor-section-items-middle\" data-id=\"4b922703\" data-element_type=\"section\" data-settings=\"{&quot;jet_parallax_layout_list&quot;:[],&quot;background_background&quot;:&quot;classic&quot;}\">\n\t\t\t\t\t\t<div class=\"elementor-container elementor-column-gap-default\">\n\t\t\t\t\t<div class=\"elementor-column elementor-col-100 elementor-top-column elementor-element elementor-element-5ba976d4\" data-id=\"5ba976d4\" data-element_type=\"column\">\n\t\t\t<div class=\"elementor-widget-wrap\">\n\t\t\t\t\t\t\t<\/div>\n\t\t<\/div>\n\t\t\t\t\t<\/div>\n\t\t<\/section>\n\t\t\t\t<section class=\"elementor-section elementor-top-section elementor-element elementor-element-71d4848f elementor-section-boxed elementor-section-height-default elementor-section-height-default\" data-id=\"71d4848f\" data-element_type=\"section\" data-settings=\"{&quot;jet_parallax_layout_list&quot;:[],&quot;background_background&quot;:&quot;classic&quot;}\">\n\t\t\t\t\t\t<div class=\"elementor-container elementor-column-gap-default\">\n\t\t\t\t\t<div class=\"elementor-column elementor-col-100 elementor-top-column elementor-element elementor-element-53db22b\" data-id=\"53db22b\" data-element_type=\"column\">\n\t\t\t<div class=\"elementor-widget-wrap elementor-element-populated\">\n\t\t\t\t\t\t<div class=\"elementor-element elementor-element-7911e82e elementor-widget elementor-widget-heading\" data-id=\"7911e82e\" data-element_type=\"widget\" data-widget_type=\"heading.default\">\n\t\t\t\t<div class=\"elementor-widget-container\">\n\t\t\t\t\t<h1 class=\"elementor-heading-title elementor-size-default\">Pizza et farinata \u00e0 la tranche et \u00e0 emporter<\/h1>\t\t\t\t<\/div>\n\t\t\t\t<\/div>\n\t\t\t\t<div class=\"elementor-element elementor-element-a2e0700 elementor-widget elementor-widget-jet-headline\" data-id=\"a2e0700\" data-element_type=\"widget\" data-widget_type=\"jet-headline.default\">\n\t\t\t\t<div class=\"elementor-widget-container\">\n\t\t\t\t\t<h2 class=\"jet-headline jet-headline--direction-horizontal\"><span class=\"jet-headline__part jet-headline__first\"><span class=\"jet-headline__label\">Ne perdez pas de temps,<\/span><\/span><span class=\"jet-headline__space\">&nbsp;<\/span><span class=\"jet-headline__part jet-headline__second\"><span class=\"jet-headline__label\">commandez votre pizza maintenant!<\/span><\/span><\/h2>\t\t\t\t<\/div>\n\t\t\t\t<\/div>\n\t\t\t\t<div class=\"elementor-element elementor-element-7683a0a7 elementor-widget elementor-widget-jet-headline\" data-id=\"7683a0a7\" data-element_type=\"widget\" data-widget_type=\"jet-headline.default\">\n\t\t\t\t<div class=\"elementor-widget-container\">\n\t\t\t\t\t<p class=\"jet-headline jet-headline--direction-horizontal\"><span class=\"jet-headline__part jet-headline__first\"><span class=\"jet-headline__label\">Appelez le num\u00e9ro<\/span><\/span><span class=\"jet-headline__space\">&nbsp;<\/span><span class=\"jet-headline__part jet-headline__second\"><span class=\"jet-headline__label\">0187 421 139<\/span><\/span><\/p>\t\t\t\t<\/div>\n\t\t\t\t<\/div>\n\t\t\t\t\t<\/div>\n\t\t<\/div>\n\t\t\t\t\t<\/div>\n\t\t<\/section>\n\t\t\t\t<section class=\"elementor-section elementor-top-section elementor-element elementor-element-3b81eac0 elementor-section-full_width elementor-section-height-default elementor-section-height-default\" data-id=\"3b81eac0\" data-element_type=\"section\" data-settings=\"{&quot;jet_parallax_layout_list&quot;:[]}\">\n\t\t\t\t\t\t<div class=\"elementor-container elementor-column-gap-default\">\n\t\t\t\t\t<div class=\"elementor-column elementor-col-50 elementor-top-column elementor-element elementor-element-4c43dc31\" data-id=\"4c43dc31\" data-element_type=\"column\" data-settings=\"{&quot;background_background&quot;:&quot;classic&quot;}\">\n\t\t\t<div class=\"elementor-widget-wrap elementor-element-populated\">\n\t\t\t\t\t<div class=\"elementor-background-overlay\"><\/div>\n\t\t\t\t\t\t<div class=\"elementor-element elementor-element-2ad37d1f elementor-widget elementor-widget-jet-headline\" data-id=\"2ad37d1f\" data-element_type=\"widget\" data-widget_type=\"jet-headline.default\">\n\t\t\t\t<div class=\"elementor-widget-container\">\n\t\t\t\t\t<h2 class=\"jet-headline jet-headline--direction-horizontal\"><span class=\"jet-headline__part jet-headline__first\"><span class=\"jet-headline__label\">Venez nous rendre visite<\/span><\/span><span class=\"jet-headline__space\">&nbsp;<\/span><span class=\"jet-headline__part jet-headline__second\"><span class=\"jet-headline__label\">\u00e0 la pizzeria<\/span><\/span><\/h2>\t\t\t\t<\/div>\n\t\t\t\t<\/div>\n\t\t\t\t<div class=\"elementor-element elementor-element-2ccc7d94 elementor-widget elementor-widget-text-editor\" data-id=\"2ccc7d94\" data-element_type=\"widget\" data-widget_type=\"text-editor.default\">\n\t\t\t\t<div class=\"elementor-widget-container\">\n\t\t\t\t\t\t\t\t\t<p>Nous vous attendons dans notre pizzeria pour d\u00e9guster <span style=\"color: #a71313;\">pizza<\/span> fra\u00eechement cuite, <span style=\"color: #a71313;\">farinata<\/span> et <span style=\"color: #a71313;\">focaccia<\/span>, ou pour r\u00e9cup\u00e9rer votre <span style=\"color: #a71313;\">commande \u00e0 emporter<\/span>.<\/p>\t\t\t\t\t\t\t\t<\/div>\n\t\t\t\t<\/div>\n\t\t\t\t<div class=\"elementor-element elementor-element-56189809 elementor-widget elementor-widget-text-editor\" data-id=\"56189809\" data-element_type=\"widget\" data-widget_type=\"text-editor.default\">\n\t\t\t\t<div class=\"elementor-widget-container\">\n\t\t\t\t\t\t\t\t\t<p><span style=\"color: #a71313;\">\u2022<\/span> <strong>DA NATALE<\/strong> &#8211; pizza, focaccia &amp; farinata<br>Piazza Mazzini 13 \u2013 54011 Aulla (MS)<\/p>\t\t\t\t\t\t\t\t<\/div>\n\t\t\t\t<\/div>\n\t\t\t\t<div class=\"elementor-element elementor-element-234ed4d7 elementor-widget elementor-widget-text-editor\" data-id=\"234ed4d7\" data-element_type=\"widget\" data-widget_type=\"text-editor.default\">\n\t\t\t\t<div class=\"elementor-widget-container\">\n\t\t\t\t\t\t\t\t\t<p><span style=\"color: #a71313;\">\u2022<\/span> Horaires d&rsquo;hiver<br>11:00 &#8211; 15:00 | 16:00 &#8211; 21:00<\/p>\n<p><span style=\"color: #a71313;\">\u2022<\/span> Horaires d&rsquo;\u00e9t\u00e9<br>11:00 &#8211;&nbsp;15:00 | 16:30 &#8211; 22:00<\/p>\n<p><strong>FERM\u00c9 LE DIMANCHE<\/strong><\/p>\t\t\t\t\t\t\t\t<\/div>\n\t\t\t\t<\/div>\n\t\t\t\t\t<\/div>\n\t\t<\/div>\n\t\t\t\t<div class=\"elementor-column elementor-col-50 elementor-top-column elementor-element elementor-element-2084ef74\" data-id=\"2084ef74\" data-element_type=\"column\">\n\t\t\t<div class=\"elementor-widget-wrap elementor-element-populated\">\n\t\t\t\t\t\t<div class=\"elementor-element elementor-element-121919f8 elementor-widget elementor-widget-jet-map\" data-id=\"121919f8\" data-element_type=\"widget\" data-widget_type=\"jet-map.default\">\n\t\t\t\t<div class=\"elementor-widget-container\">\n\t\t\t\t\t<div class=\"jet-map\" data-init=\"{&quot;center&quot;:{&quot;lat&quot;:44.20885088050204,&quot;lng&quot;:9.96942650051182},&quot;zoom&quot;:11,&quot;scrollwheel&quot;:false,&quot;zoomControl&quot;:true,&quot;fullscreenControl&quot;:true,&quot;streetViewControl&quot;:true,&quot;mapTypeControl&quot;:true,&quot;pinsAutoClose&quot;:false,&quot;styles&quot;:[{&quot;stylers&quot;:[{&quot;hue&quot;:&quot;#dd0d0d&quot;}]},{&quot;featureType&quot;:&quot;road&quot;,&quot;elementType&quot;:&quot;labels&quot;,&quot;stylers&quot;:[{&quot;visibility&quot;:&quot;off&quot;}]},{&quot;featureType&quot;:&quot;road&quot;,&quot;elementType&quot;:&quot;geometry&quot;,&quot;stylers&quot;:[{&quot;lightness&quot;:100},{&quot;visibility&quot;:&quot;simplified&quot;}]}]}\" data-pins=\"[{&quot;address&quot;:&quot;London Eye, London, United Kingdom&quot;,&quot;position&quot;:{&quot;lat&quot;:44.20885088050204,&quot;lng&quot;:9.96942650051182},&quot;desc&quot;:&quot;&quot;,&quot;state&quot;:&quot;visible&quot;}]\"><\/div>\t\t\t\t<\/div>\n\t\t\t\t<\/div>\n\t\t\t\t\t<\/div>\n\t\t<\/div>\n\t\t\t\t\t<\/div>\n\t\t<\/section>\n\t\t\t\t<section class=\"elementor-section elementor-top-section elementor-element elementor-element-3a5a7c2c elementor-section-boxed elementor-section-height-default elementor-section-height-default\" data-id=\"3a5a7c2c\" data-element_type=\"section\" id=\"form\" data-settings=\"{&quot;jet_parallax_layout_list&quot;:[],&quot;background_background&quot;:&quot;classic&quot;}\">\n\t\t\t\t\t\t\t<div class=\"elementor-background-overlay\"><\/div>\n\t\t\t\t\t\t\t<div class=\"elementor-container elementor-column-gap-default\">\n\t\t\t\t\t<div class=\"elementor-column elementor-col-100 elementor-top-column elementor-element elementor-element-65aadde6\" data-id=\"65aadde6\" data-element_type=\"column\">\n\t\t\t<div class=\"elementor-widget-wrap elementor-element-populated\">\n\t\t\t\t\t\t<div class=\"elementor-element elementor-element-6260e84d elementor-widget elementor-widget-jet-headline\" data-id=\"6260e84d\" data-element_type=\"widget\" data-widget_type=\"jet-headline.default\">\n\t\t\t\t<div class=\"elementor-widget-container\">\n\t\t\t\t\t<h2 class=\"jet-headline jet-headline--direction-horizontal\"><span class=\"jet-headline__part jet-headline__first\"><span class=\"jet-headline__label\">Contactez-nous<\/span><\/span><span class=\"jet-headline__space\">&nbsp;<\/span><span class=\"jet-headline__part jet-headline__second\"><span class=\"jet-headline__label\">pour info<\/span><\/span><\/h2>\t\t\t\t<\/div>\n\t\t\t\t<\/div>\n\t\t\t\t<div class=\"elementor-element elementor-element-66882dfb elementor-widget elementor-widget-text-editor\" data-id=\"66882dfb\" data-element_type=\"widget\" data-widget_type=\"text-editor.default\">\n\t\t\t\t<div class=\"elementor-widget-container\">\n\t\t\t\t\t\t\t\t\t<p>Remplissez le formulaire ci-dessous. Nous nous ferons un plaisir de vous contacter dans les plus brefs d\u00e9lais.<\/p>\t\t\t\t\t\t\t\t<\/div>\n\t\t\t\t<\/div>\n\t\t\t\t<div class=\"elementor-element elementor-element-e4a1ce9 elementor-widget elementor-widget-spacer\" data-id=\"e4a1ce9\" data-element_type=\"widget\" data-widget_type=\"spacer.default\">\n\t\t\t\t<div class=\"elementor-widget-container\">\n\t\t\t\t\t\t\t<div class=\"elementor-spacer\">\n\t\t\t<div class=\"elementor-spacer-inner\"><\/div>\n\t\t<\/div>\n\t\t\t\t\t\t<\/div>\n\t\t\t\t<\/div>\n\t\t\t\t<div class=\"elementor-element elementor-element-39c366fc elementor-button-align-start elementor-widget elementor-widget-form\" data-id=\"39c366fc\" data-element_type=\"widget\" data-settings=\"{&quot;step_next_label&quot;:&quot;Next&quot;,&quot;step_previous_label&quot;:&quot;Previous&quot;,&quot;button_width&quot;:&quot;100&quot;,&quot;step_type&quot;:&quot;number_text&quot;,&quot;step_icon_shape&quot;:&quot;circle&quot;}\" data-widget_type=\"form.default\">\n\t\t\t\t<div class=\"elementor-widget-container\">\n\t\t\t\t\t\t\t<form class=\"elementor-form\" method=\"post\" name=\"New Form\">\n\t\t\t<input type=\"hidden\" name=\"post_id\" value=\"433\"\/>\n\t\t\t<input type=\"hidden\" name=\"form_id\" value=\"39c366fc\"\/>\n\t\t\t<input type=\"hidden\" name=\"referer_title\" value=\"Da Natale pizza e farinata\" \/>\n\n\t\t\t\n\t\t\t<div class=\"elementor-form-fields-wrapper elementor-labels-\">\n\t\t\t\t\t\t\t\t<div class=\"elementor-field-type-text elementor-field-group elementor-column elementor-field-group-nome elementor-col-100\">\n\t\t\t\t\t\t\t\t\t\t\t\t<label for=\"form-field-nome\" class=\"elementor-field-label elementor-screen-only\">\n\t\t\t\t\t\t\t\tPr\u00e9nom\t\t\t\t\t\t\t<\/label>\n\t\t\t\t\t\t\t\t\t\t\t\t\t\t<input size=\"1\" type=\"text\" name=\"form_fields[nome]\" id=\"form-field-nome\" class=\"elementor-field elementor-size-sm  elementor-field-textual\" placeholder=\"Pr\u00e9nom\">\n\t\t\t\t\t\t\t\t\t\t\t<\/div>\n\t\t\t\t\t\t\t\t<div class=\"elementor-field-type-email elementor-field-group elementor-column elementor-field-group-email elementor-col-100 elementor-field-required\">\n\t\t\t\t\t\t\t\t\t\t\t\t<label for=\"form-field-email\" class=\"elementor-field-label elementor-screen-only\">\n\t\t\t\t\t\t\t\tEmail\t\t\t\t\t\t\t<\/label>\n\t\t\t\t\t\t\t\t\t\t\t\t\t\t<input size=\"1\" type=\"email\" name=\"form_fields[email]\" id=\"form-field-email\" class=\"elementor-field elementor-size-sm  elementor-field-textual\" placeholder=\"Email\" required=\"required\">\n\t\t\t\t\t\t\t\t\t\t\t<\/div>\n\t\t\t\t\t\t\t\t<div class=\"elementor-field-type-textarea elementor-field-group elementor-column elementor-field-group-messaggio elementor-col-100\">\n\t\t\t\t\t\t\t\t\t\t\t\t<label for=\"form-field-messaggio\" class=\"elementor-field-label elementor-screen-only\">\n\t\t\t\t\t\t\t\tMessage\t\t\t\t\t\t\t<\/label>\n\t\t\t\t\t\t<textarea class=\"elementor-field-textual elementor-field  elementor-size-sm\" name=\"form_fields[messaggio]\" id=\"form-field-messaggio\" rows=\"4\" placeholder=\"Message\"><\/textarea>\t\t\t\t<\/div>\n\t\t\t\t\t\t\t\t<div class=\"elementor-field-type-recaptcha_v3 elementor-field-group elementor-column elementor-field-group-field_1a9281c elementor-col-100 recaptcha_v3-bottomright\">\n\t\t\t\t\t<div class=\"elementor-field\" id=\"form-field-field_1a9281c\"><div class=\"elementor-g-recaptcha\" data-sitekey=\"6LdEpwQoAAAAAJhAfIyTe5fbBXfoYYSYq3qLwWlX\" data-type=\"v3\" data-action=\"Form\" data-badge=\"bottomright\" data-size=\"invisible\"><\/div><\/div>\t\t\t\t<\/div>\n\t\t\t\t\t\t\t\t<div class=\"elementor-field-group elementor-column elementor-field-type-submit elementor-col-100 e-form__buttons\">\n\t\t\t\t\t<button class=\"elementor-button elementor-size-sm\" type=\"submit\">\n\t\t\t\t\t\t<span class=\"elementor-button-content-wrapper\">\n\t\t\t\t\t\t\t\t\t\t\t\t\t\t\t\t\t\t\t\t\t\t<span class=\"elementor-button-text\">Envoyez le message<\/span>\n\t\t\t\t\t\t\t\t\t\t\t\t\t<\/span>\n\t\t\t\t\t<\/button>\n\t\t\t\t<\/div>\n\t\t\t<\/div>\n\t\t<\/form>\n\t\t\t\t\t\t<\/div>\n\t\t\t\t<\/div>\n\t\t\t\t\t<\/div>\n\t\t<\/div>\n\t\t\t\t\t<\/div>\n\t\t<\/section>\n\t\t\t\t<\/div>\n\t\t","protected":false},"excerpt":{"rendered":"<p>Pizza et farinata \u00e0 la tranche et \u00e0 emporter Ne perdez pas de temps,&nbsp;commandez votre pizza maintenant! Appelez le num\u00e9ro&nbsp;0187 421 139 Venez nous rendre visite&nbsp;\u00e0 la pizzeria Nous vous attendons dans notre pizzeria pour d\u00e9guster pizza fra\u00eechement cuite, farinata et focaccia, ou pour r\u00e9cup\u00e9rer votre commande \u00e0 emporter. \u2022 DA NATALE &#8211; pizza, focaccia [&hellip;]<\/p>\n","protected":false},"author":1,"featured_media":0,"parent":0,"menu_order":0,"comment_status":"closed","ping_status":"closed","template":"","meta":{"footnotes":""},"class_list":["post-433","page","type-page","status-publish","hentry"],"yoast_head":"<!-- This site is optimized with the Yoast SEO plugin v24.9 - https:\/\/yoast.com\/wordpress\/plugins\/seo\/ -->\n<title>Contacts - Da Natale pizza e farinata<\/title>\n<meta name=\"robots\" content=\"index, follow, max-snippet:-1, max-image-preview:large, max-video-preview:-1\" \/>\n<link rel=\"canonical\" href=\"https:\/\/www.lapizzadicalvonatale.it\/fr\/contacts\/\" \/>\n<meta property=\"og:locale\" content=\"fr_FR\" \/>\n<meta property=\"og:type\" content=\"article\" \/>\n<meta property=\"og:title\" content=\"Contacts - Da Natale pizza e farinata\" \/>\n<meta property=\"og:description\" content=\"Pizza et farinata \u00e0 la tranche et \u00e0 emporter Ne perdez pas de temps,&nbsp;commandez votre pizza maintenant! Appelez le num\u00e9ro&nbsp;0187 421 139 Venez nous rendre visite&nbsp;\u00e0 la pizzeria Nous vous attendons dans notre pizzeria pour d\u00e9guster pizza fra\u00eechement cuite, farinata et focaccia, ou pour r\u00e9cup\u00e9rer votre commande \u00e0 emporter. \u2022 DA NATALE &#8211; pizza, focaccia [&hellip;]\" \/>\n<meta property=\"og:url\" content=\"https:\/\/www.lapizzadicalvonatale.it\/fr\/contacts\/\" \/>\n<meta property=\"og:site_name\" content=\"Da Natale pizza e farinata\" \/>\n<meta property=\"article:publisher\" content=\"https:\/\/www.facebook.com\/pages\/La-Pizza-Di-Calvo-Natale\/137509566295544\" \/>\n<meta property=\"article:modified_time\" content=\"2025-04-17T11:01:11+00:00\" \/>\n<meta name=\"twitter:card\" content=\"summary_large_image\" \/>\n<script type=\"application\/ld+json\" class=\"yoast-schema-graph\">{\"@context\":\"https:\/\/schema.org\",\"@graph\":[{\"@type\":\"WebPage\",\"@id\":\"https:\/\/www.lapizzadicalvonatale.it\/fr\/contacts\/\",\"url\":\"https:\/\/www.lapizzadicalvonatale.it\/fr\/contacts\/\",\"name\":\"Contacts - Da Natale pizza e farinata\",\"isPartOf\":{\"@id\":\"https:\/\/www.lapizzadicalvonatale.it\/#website\"},\"datePublished\":\"2022-10-20T10:30:14+00:00\",\"dateModified\":\"2025-04-17T11:01:11+00:00\",\"breadcrumb\":{\"@id\":\"https:\/\/www.lapizzadicalvonatale.it\/fr\/contacts\/#breadcrumb\"},\"inLanguage\":\"fr-FR\",\"potentialAction\":[{\"@type\":\"ReadAction\",\"target\":[\"https:\/\/www.lapizzadicalvonatale.it\/fr\/contacts\/\"]}]},{\"@type\":\"BreadcrumbList\",\"@id\":\"https:\/\/www.lapizzadicalvonatale.it\/fr\/contacts\/#breadcrumb\",\"itemListElement\":[{\"@type\":\"ListItem\",\"position\":1,\"name\":\"Home\",\"item\":\"https:\/\/www.lapizzadicalvonatale.it\/fr\/home\/\"},{\"@type\":\"ListItem\",\"position\":2,\"name\":\"Contacts\"}]},{\"@type\":\"WebSite\",\"@id\":\"https:\/\/www.lapizzadicalvonatale.it\/#website\",\"url\":\"https:\/\/www.lapizzadicalvonatale.it\/\",\"name\":\"Da Natale pizza e farinata\",\"description\":\"\",\"publisher\":{\"@id\":\"https:\/\/www.lapizzadicalvonatale.it\/#organization\"},\"potentialAction\":[{\"@type\":\"SearchAction\",\"target\":{\"@type\":\"EntryPoint\",\"urlTemplate\":\"https:\/\/www.lapizzadicalvonatale.it\/?s={search_term_string}\"},\"query-input\":{\"@type\":\"PropertyValueSpecification\",\"valueRequired\":true,\"valueName\":\"search_term_string\"}}],\"inLanguage\":\"fr-FR\"},{\"@type\":\"Organization\",\"@id\":\"https:\/\/www.lapizzadicalvonatale.it\/#organization\",\"name\":\"Da Natale pizza e farinata\",\"url\":\"https:\/\/www.lapizzadicalvonatale.it\/\",\"logo\":{\"@type\":\"ImageObject\",\"inLanguage\":\"fr-FR\",\"@id\":\"https:\/\/www.lapizzadicalvonatale.it\/#\/schema\/logo\/image\/\",\"url\":\"https:\/\/www.lapizzadicalvonatale.it\/wp-content\/uploads\/2022\/10\/logo-da-natale.png\",\"contentUrl\":\"https:\/\/www.lapizzadicalvonatale.it\/wp-content\/uploads\/2022\/10\/logo-da-natale.png\",\"width\":120,\"height\":90,\"caption\":\"Da Natale pizza e farinata\"},\"image\":{\"@id\":\"https:\/\/www.lapizzadicalvonatale.it\/#\/schema\/logo\/image\/\"},\"sameAs\":[\"https:\/\/www.facebook.com\/pages\/La-Pizza-Di-Calvo-Natale\/137509566295544\",\"https:\/\/www.instagram.com\/pizzeriacalvonatale\/\"]}]}<\/script>\n<!-- \/ Yoast SEO plugin. -->","yoast_head_json":{"title":"Contacts - Da Natale pizza e farinata","robots":{"index":"index","follow":"follow","max-snippet":"max-snippet:-1","max-image-preview":"max-image-preview:large","max-video-preview":"max-video-preview:-1"},"canonical":"https:\/\/www.lapizzadicalvonatale.it\/fr\/contacts\/","og_locale":"fr_FR","og_type":"article","og_title":"Contacts - Da Natale pizza e farinata","og_description":"Pizza et farinata \u00e0 la tranche et \u00e0 emporter Ne perdez pas de temps,&nbsp;commandez votre pizza maintenant! Appelez le num\u00e9ro&nbsp;0187 421 139 Venez nous rendre visite&nbsp;\u00e0 la pizzeria Nous vous attendons dans notre pizzeria pour d\u00e9guster pizza fra\u00eechement cuite, farinata et focaccia, ou pour r\u00e9cup\u00e9rer votre commande \u00e0 emporter. \u2022 DA NATALE &#8211; pizza, focaccia [&hellip;]","og_url":"https:\/\/www.lapizzadicalvonatale.it\/fr\/contacts\/","og_site_name":"Da Natale pizza e farinata","article_publisher":"https:\/\/www.facebook.com\/pages\/La-Pizza-Di-Calvo-Natale\/137509566295544","article_modified_time":"2025-04-17T11:01:11+00:00","twitter_card":"summary_large_image","schema":{"@context":"https:\/\/schema.org","@graph":[{"@type":"WebPage","@id":"https:\/\/www.lapizzadicalvonatale.it\/fr\/contacts\/","url":"https:\/\/www.lapizzadicalvonatale.it\/fr\/contacts\/","name":"Contacts - Da Natale pizza e farinata","isPartOf":{"@id":"https:\/\/www.lapizzadicalvonatale.it\/#website"},"datePublished":"2022-10-20T10:30:14+00:00","dateModified":"2025-04-17T11:01:11+00:00","breadcrumb":{"@id":"https:\/\/www.lapizzadicalvonatale.it\/fr\/contacts\/#breadcrumb"},"inLanguage":"fr-FR","potentialAction":[{"@type":"ReadAction","target":["https:\/\/www.lapizzadicalvonatale.it\/fr\/contacts\/"]}]},{"@type":"BreadcrumbList","@id":"https:\/\/www.lapizzadicalvonatale.it\/fr\/contacts\/#breadcrumb","itemListElement":[{"@type":"ListItem","position":1,"name":"Home","item":"https:\/\/www.lapizzadicalvonatale.it\/fr\/home\/"},{"@type":"ListItem","position":2,"name":"Contacts"}]},{"@type":"WebSite","@id":"https:\/\/www.lapizzadicalvonatale.it\/#website","url":"https:\/\/www.lapizzadicalvonatale.it\/","name":"Da Natale pizza e farinata","description":"","publisher":{"@id":"https:\/\/www.lapizzadicalvonatale.it\/#organization"},"potentialAction":[{"@type":"SearchAction","target":{"@type":"EntryPoint","urlTemplate":"https:\/\/www.lapizzadicalvonatale.it\/?s={search_term_string}"},"query-input":{"@type":"PropertyValueSpecification","valueRequired":true,"valueName":"search_term_string"}}],"inLanguage":"fr-FR"},{"@type":"Organization","@id":"https:\/\/www.lapizzadicalvonatale.it\/#organization","name":"Da Natale pizza e farinata","url":"https:\/\/www.lapizzadicalvonatale.it\/","logo":{"@type":"ImageObject","inLanguage":"fr-FR","@id":"https:\/\/www.lapizzadicalvonatale.it\/#\/schema\/logo\/image\/","url":"https:\/\/www.lapizzadicalvonatale.it\/wp-content\/uploads\/2022\/10\/logo-da-natale.png","contentUrl":"https:\/\/www.lapizzadicalvonatale.it\/wp-content\/uploads\/2022\/10\/logo-da-natale.png","width":120,"height":90,"caption":"Da Natale pizza e farinata"},"image":{"@id":"https:\/\/www.lapizzadicalvonatale.it\/#\/schema\/logo\/image\/"},"sameAs":["https:\/\/www.facebook.com\/pages\/La-Pizza-Di-Calvo-Natale\/137509566295544","https:\/\/www.instagram.com\/pizzeriacalvonatale\/"]}]}},"_links":{"self":[{"href":"https:\/\/www.lapizzadicalvonatale.it\/fr\/wp-json\/wp\/v2\/pages\/433","targetHints":{"allow":["GET"]}}],"collection":[{"href":"https:\/\/www.lapizzadicalvonatale.it\/fr\/wp-json\/wp\/v2\/pages"}],"about":[{"href":"https:\/\/www.lapizzadicalvonatale.it\/fr\/wp-json\/wp\/v2\/types\/page"}],"author":[{"embeddable":true,"href":"https:\/\/www.lapizzadicalvonatale.it\/fr\/wp-json\/wp\/v2\/users\/1"}],"replies":[{"embeddable":true,"href":"https:\/\/www.lapizzadicalvonatale.it\/fr\/wp-json\/wp\/v2\/comments?post=433"}],"version-history":[{"count":10,"href":"https:\/\/www.lapizzadicalvonatale.it\/fr\/wp-json\/wp\/v2\/pages\/433\/revisions"}],"predecessor-version":[{"id":1118,"href":"https:\/\/www.lapizzadicalvonatale.it\/fr\/wp-json\/wp\/v2\/pages\/433\/revisions\/1118"}],"wp:attachment":[{"href":"https:\/\/www.lapizzadicalvonatale.it\/fr\/wp-json\/wp\/v2\/media?parent=433"}],"curies":[{"name":"wp","href":"https:\/\/api.w.org\/{rel}","templated":true}]}}