{"id":496,"date":"2022-10-20T11:50:50","date_gmt":"2022-10-20T09:50:50","guid":{"rendered":"https:\/\/www.lapizzadicalvonatale.it\/privacy-policy\/"},"modified":"2022-11-07T15:58:39","modified_gmt":"2022-11-07T14:58:39","slug":"privacy-policy","status":"publish","type":"page","link":"https:\/\/www.lapizzadicalvonatale.it\/en\/privacy-policy\/","title":{"rendered":"Privacy Policy"},"content":{"rendered":"\t\t<div data-elementor-type=\"wp-page\" data-elementor-id=\"496\" class=\"elementor elementor-496 elementor-3\" data-elementor-post-type=\"page\">\n\t\t\t\t\t\t<section class=\"elementor-section elementor-top-section elementor-element elementor-element-239fbe2 elementor-section-boxed elementor-section-height-default elementor-section-height-default\" data-id=\"239fbe2\" data-element_type=\"section\" data-settings=\"{&quot;jet_parallax_layout_list&quot;:[],&quot;background_background&quot;:&quot;classic&quot;}\">\n\t\t\t\t\t\t<div class=\"elementor-container elementor-column-gap-default\">\n\t\t\t\t\t<div class=\"elementor-column elementor-col-100 elementor-top-column elementor-element elementor-element-557530a\" data-id=\"557530a\" data-element_type=\"column\">\n\t\t\t<div class=\"elementor-widget-wrap elementor-element-populated\">\n\t\t\t\t\t\t<div class=\"elementor-element elementor-element-d46db4d elementor-widget elementor-widget-heading\" data-id=\"d46db4d\" data-element_type=\"widget\" data-widget_type=\"heading.default\">\n\t\t\t\t<div class=\"elementor-widget-container\">\n\t\t\t\t\t<h1 class=\"elementor-heading-title elementor-size-default\">Privacy Policy<\/h1>\t\t\t\t<\/div>\n\t\t\t\t<\/div>\n\t\t\t\t\t<\/div>\n\t\t<\/div>\n\t\t\t\t\t<\/div>\n\t\t<\/section>\n\t\t\t\t<section class=\"elementor-section elementor-top-section elementor-element elementor-element-7600fe02 elementor-section-boxed elementor-section-height-default elementor-section-height-default\" data-id=\"7600fe02\" data-element_type=\"section\" data-settings=\"{&quot;jet_parallax_layout_list&quot;:[]}\">\n\t\t\t\t\t\t<div class=\"elementor-container elementor-column-gap-default\">\n\t\t\t\t\t<div class=\"elementor-column elementor-col-100 elementor-top-column elementor-element elementor-element-18fbbe47\" data-id=\"18fbbe47\" data-element_type=\"column\">\n\t\t\t<div class=\"elementor-widget-wrap elementor-element-populated\">\n\t\t\t\t\t\t<div class=\"elementor-element elementor-element-6c07f650 elementor-widget elementor-widget-text-editor\" data-id=\"6c07f650\" data-element_type=\"widget\" data-widget_type=\"text-editor.default\">\n\t\t\t\t<div class=\"elementor-widget-container\">\n\t\t\t\t\t\t\t\t\t<p>Prima di comunicarci qualsiasi tipo di dato personale, ti invitiamo a leggere con attenzione questa informativa privacy.<\/p><p>Questa informativa privacy si intende resa per:<\/p><ul><li>Il sito www.lapizzadicalvonatale.it<\/li><li>La <a href=\"https:\/\/www.facebook.com\/pages\/La-Pizza-Di-Calvo-Natale\/137509566295544\" target=\"_blank\" rel=\"noopener\">pagina facebook<\/a><\/li><li>La <a href=\"https:\/\/www.instagram.com\/pizzeriacalvonatale\" target=\"_blank\" rel=\"noopener\">pagina Instagram<\/a><\/li><\/ul><p>ma non per altri siti web esterni consultabili eventualmente dall\u2019utente tramite link.<\/p><p>Questa informativa \u00e8 fornita ai sensi dell\u2019art. 13 Regolamento UE n. 2016\/679 (in seguito, \u201cGDPR\u201d) agli utenti che interagiscono con il sito web e le pagine sui social network sopra citate.<\/p><p>Per quanto riguarda la pagina Facebook www.facebook.com\/loscrignodinebbia, Natale Calvo \u00e8 Co-Titolare del trattamento dei dati statistici congiuntamente a Facebook Ireland Limited (\u201cFacebook Ireland\u201d).<\/p><p>Il Titolare del trattamento dei dati relativi a persone identificate o identificabili che hanno consultato il sito www.lapizzadicalvonatale.it, \u00e8 Natale Calvo con sede in Piazza Mazzini 13 \u2013 54011 Aulla (MS). Pu\u00f2 essere contattato all\u2019indirizzo calvo.natale68@gmail.com.<\/p><p><strong>1) Liceit\u00e0 del trattamento<\/strong><\/p><p>Il trattamento dei dati personali avviene sulla base del principio di liceit\u00e0 del consenso espresso dall\u2019interessato per una o pi\u00f9 specifiche finalit\u00e0. (rif. Art. 6 comma a) del GDPR).<\/p><p><strong>2) Finalit\u00e0 del trattamento<\/strong><\/p><p>I dati personali volontariamente forniti saranno oggetto di trattamento per le seguenti finalit\u00e0:<\/p><ul><li>Risposta ad una richiesta commerciale, per dare seguito alle tue richieste<\/li><li>Navigazione sui siti internet e pagine social citate in questa pagina<\/li><li>Risposta ad una richiesta di assistenza o di informazioni<\/li><\/ul><div> <\/div><p><strong>3) Tipologia dei Dati Trattati e Modalit\u00e0 di Raccolta<\/strong><\/p><p><strong>Dati di navigazione \u2013 log file<\/strong><\/p><p>L\u2019accesso al Sito pu\u00f2 avvenire senza che all\u2019utente venga richiesto il conferimento di alcun dato personale. I sistemi informatici e gli applicativi dedicati al funzionamento di questo sito web rilevano, nel corso del loro normale funzionamento, alcuni dati (la cui trasmissione \u00e8 implicita nell\u2019uso dei protocolli di comunicazione di Internet) non associati a utenti direttamente identificabili. Tra i dati raccolti sono compresi gli indirizzi IP degli utenti che si connettono al sito, gli indirizzi in notazione URI (Uniform Resource Identifier) delle risorse richieste, l\u2019orario della richiesta ed il codice numerico indicante lo stato della risposta data dal server (buon fine, errore, ecc.).<\/p><p>Questi dati vengono trattati per il tempo strettamente necessario ai sensi della legge vigente e potrebbero essere utilizzati per l\u2019accertamento di responsabilit\u00e0 in caso di ipotetici reati informatici ai danni del sito.<\/p><p><strong>Dati forniti volontariamente dall\u2019utente<\/strong><\/p><ul><li>L\u2019invio volontario ed esplicito di posta elettronica agli indirizzi indicati nei differenti canali di accesso di questo sito comporta la successiva acquisizione dell\u2019indirizzo e dei dati del mittente\/utente, necessari per rispondere alle istanze prodotte e\/o erogare il servizio richiesto.<br>Si assicura, tuttavia, che tale trattamento sar\u00e0 improntato ai principi di correttezza, liceit\u00e0 e trasparenza e di tutela della riservatezza come indicato nel GDPR.<\/li><li>L&#8217;invio volontario dei dati tramite la compilazione dei form presenti su questo sito web comporta l&#8217;acquisizione del Nome e indirizzo email dell&#8217;utente, necessari per rispondere alle istanze prodotte e\/o erogare il servizio richiesto.<\/li><\/ul><p><strong>Funzioni e servizi specifici<\/strong><\/p><p>Google fonts<\/p><p>Google Fonts \u00e8 un servizio che permette di caricare dei caratteri (font) per migliorare l\u2019aspetto del sito attraverso l\u2019uso dei fogli di stile. Il servizio \u00e8 gestito da Google Inc. L\u2019uso delle Google Font non prevede autenticazione.<br>Dati Personali raccolti: Cookie.<br>Luogo del trattamento: Stati Uniti \u2013 <a href=\"https:\/\/policies.google.com\/privacy\" target=\"_blank\" rel=\"noopener\">Privacy Policy<\/a> ; Irlanda \u2013 <a href=\"https:\/\/policies.google.com\/privacy\" target=\"_blank\" rel=\"noopener\">Privacy Policy<\/a>.<br>Soggetto aderente al Privacy Shield.<\/p><p>Google Maps<\/p><p>Google Maps \u00e8 un servizio di visualizzazione di mappe gestito da Google Inc. che permette a questo Sito di indicare il luogo dove si trova l\u2019azienda.<br>Dati Personali raccolti: Cookie.<br>Luogo del trattamento: Stati Uniti \u2013 <a href=\"https:\/\/policies.google.com\/privacy\" target=\"_blank\" rel=\"noopener\">Privacy Policy<\/a> ; Irlanda \u2013 <a href=\"https:\/\/policies.google.com\/privacy\" target=\"_blank\" rel=\"noopener\">Privacy Policy<\/a>.<br>Soggetto aderente al Privacy Shield.<\/p><p><b>Facoltativit\u00e0 del Conferimento dei Dati<\/b><\/p><p>A parte quanto specificato per i dati di navigazione, il conferimento dei dati personali da parte dell\u2019interessato, per le finalit\u00e0 descritte nel paragrafo precedente \u00e8 da ritenersi facoltativo. Il loro mancato conferimento pu\u00f2 comportare l\u2019impossibilit\u00e0 di usufruire di determinati servizi forniti dal sito.<\/p><p><b>Modalit\u00e0 del Trattamento dei Dati<\/b><\/p><p>I dati personali sono trattati con strumenti automatizzati per il tempo strettamente necessario a conseguire gli scopi per cui sono raccolti nel rispetto dei principi di liceit\u00e0, limitazione delle finalit\u00e0 e minimizzazione dei dati, ai sensi dell\u2019art. 5 del GDPR e nel rispetto dei tempi obbligatori prescritti dalla legge. Specifiche misure di sicurezza sono osservate per prevenire la perdita dei dati, usi illeciti o non corretti ed accessi non autorizzati.<\/p><p><b>Comunicazione e\/o Diffusione dei Dati<\/b><\/p><p>I tuoi dati personali, oggetto del trattamento, non saranno diffusi ma potranno essere comunicati a societ\u00e0 contrattualmente legate a Natale Calvo, in conformit\u00e0 e nei limiti del GDPR.<br>I dati personali potranno essere comunicati a terzi appartenenti alle seguenti categorie:<\/p><ul><li>soggetti che forniscono servizi per la gestione del sistema informativo usato da Natale Calvo e delle reti di telecomunicazioni (ivi compresa la posta elettronica);<\/li><li>studi o societ\u00e0 nell\u2019ambito di rapporti di assistenza e consulenza;<\/li><li>autorit\u00e0 competenti per adempimenti di obblighi di leggi e\/o di disposizioni di organi pubblici, su richiesta;<\/li><li>soggetti che forniscono servizi per l\u2019espletamento dei servizi di spedizione (ad esempio corrieri espressi).<\/li><\/ul><p>I soggetti appartenenti alle categorie suddette svolgono la funzione di Responsabile del trattamento dei dati, oppure operano in totale autonomia come distinti Titolari del trattamento. L\u2019elenco dei responsabili \u00e8 costantemente aggiornato e disponibile presso la sede di Natale Calvo. Ogni ulteriore comunicazione o diffusione avverr\u00e0 solo previo tuo esplicito consenso.<\/p><p><b>Periodo di Conservazione dei Dati<\/b><\/p><p>Il periodo di conservazione per i dati raccolti con il modulo di richiesta contatti \u00e8 strettamente limitato al tempo necessario per dar seguito al bisogno che l\u2019utente sta manifestando con la sua richiesta e comunque non superiore a 6 mesi dall\u2019ultima manifestazione di interesse da parte dell\u2019utente.<br>I dati raccolti attraverso il modulo di ordine necessari per effettuare un\u2019acquisto sul Sito, verranno conservati per il periodo necessario ad espletare il servizio richiesto. Tuttavia tali dati potranno essere conservati per un periodo pi\u00f9 lungo per ottemperare agli obblighi di legge e per poterli rendere disponibili alle autorit\u00e0 competenti.<\/p><p><b>Diritti degli Interessati<\/b><\/p><p>Gli \u201cinteressati\u201d, ovvero le persone fisiche, le persone giuridiche, gli enti o le associazioni, cui si riferiscono i dati hanno il diritto, in qualunque momento, di ottenere la conferma dell\u2019esistenza o meno dei medesimi dati e di conoscerne il contenuto e l\u2019origine, verificarne l\u2019esattezza o chiederne l\u2019integrazione o l\u2019aggiornamento, oppure la rettificazione ai sensi Reg.to UE 2016\/679: Artt. 15, 16, 17, 18, 19, 20, 21, 22 \u2013 Diritti dell\u2019Interessato. Ai sensi dei medesimi articoli gli interessati hanno altres\u00ec il diritto di chiedere la cancellazione, la trasformazione in forma anonima o il blocco dei dati che li riguardano, trattati in violazione di legge, nonch\u00e9 di opporsi in ogni caso, per motivi legittimi, al loro trattamento.<br>Eventuali comunicazioni posso essere inoltrate alla casella e-mail: <span style=\"letter-spacing: 0.3px; color: var( --e-global-color-text ); font-family: var( --e-global-typography-text-font-family ), Sans-serif; font-weight: var( --e-global-typography-text-font-weight ); font-size: 1rem;\">fr.ruschinoceti@gmail.com.<\/span><\/p><ul><li>Diritto di rettifica: contattaci direttamente per far modificare o rettificare i tuoi dati.<\/li><li>Diritto alla cancellazione: inviaci una richiesta di cancellazione di tutti i dati che ti riguardano ed entro 30 giorni prenderemo in carico la tua richiesta.<\/li><li>Diritto alla portabilit\u00e0: se ce lo richiedi, esporteremo i tuoi dati in modo che possano essere trasferiti a terzi.<\/li><li>Diritto di opposizione: potrai disiscriverti in qualsiasi momento da tutti gli usi specifici che facciamo dei tuoi dati.<\/li><li>Diritto di accesso: siamo trasparenti riguardo ai dati che raccogliamo e all\u2019uso che ne facciamo. Puoi contattarci in qualsiasi momento per accedere alle informazioni in nostro possesso e richiederne la modifica.<\/li><li>Diritto di limitazione: puoi chiederci la sospensione del trattamento dei tuoi dati, se sussistono motivi legittimi.<\/li><\/ul><div><p> <b>4) Contitolarit\u00e0 del trattamento dati statistici con Facebook<\/b><\/p><p>Per le pagine, Facebook offre Insights della Pagina, una funzione che offre dati aggregati che aiutano a capire in che modo le persone interagiscono con le Pagine Facebook.<br>Per quanto riguarda la <a href=\"https:\/\/www.facebook.com\/pages\/La-Pizza-Di-Calvo-Natale\/137509566295544\" target=\"_blank\" rel=\"noopener\">pagina Facebook<\/a>, Natale Calvo \u00e8 Co-Titolare del trattamento dei dati statistici congiuntamente a Facebook Ireland Limited (&#8220;Facebook Ireland&#8221;).<\/p><p>A <a href=\"https:\/\/www.facebook.com\/legal\/terms\/page_controller_addendum\" target=\"_blank\" rel=\"noopener\">questo link<\/a> \u00e8 possibile consultare l&#8217;appendice sul titolare del trattamento per Insights della Pagina Facebook, che indica la suddivisione delle responsabilit\u00e0 di Facebook Ireland e di Natale Calvo in qualit\u00e0 di amministratore della <a href=\"https:\/\/www.facebook.com\/pages\/La-Pizza-Di-Calvo-Natale\/137509566295544\" target=\"_blank\" rel=\"noopener\">Pagina Facebook<\/a>.<\/p><p>In <a href=\"https:\/\/www.facebook.com\/privacy\/explanation\" target=\"_blank\" rel=\"noopener\">questa pagina<\/a> puoi consultare la normativa sui dati di Facebook e trovare, tra le altre, le seguenti informazioni:<\/p><ul><li> Quali tipi di informazione Facebook raccoglie<\/li><li>Come Facebook usa tali informazioni<\/li><li>Come vengono condivise queste informazioni<\/li><li>Le basi legali per il trattamento dei dati<\/li><li>Come esercitare i diritti previsti da GDPR<\/li><li>I dati di contatto di Facebook Ireland per questioni inerenti la protezione dei dati personali<\/li><li>I darti di contatto del Responsabile della protezione dei dati per Facebook Ireland<\/li><li>I diritti del visitatore di Facebook previsti dal GDPR<\/li><li>Il periodo di conservazione dei dati<\/li><\/ul><div>In <a href=\"https:\/\/www.facebook.com\/policies\/cookies\/\" target=\"_blank\" rel=\"noopener\">questa pagina<\/a> puoi consultare la normativa sui cookie di Facebook<\/div><\/div><div><div style=\"width: 1150px; color: #313e49; font-family: 'Nunito Sans', sans-serif; letter-spacing: 0.2px; background-color: #fbfdfe;\" data-id=\"1c319d4\" data-element_type=\"widget\" data-widget_type=\"heading.default\"><div style=\"transition: background 0.3s ease 0s, border 0.3s ease 0s, border-radius 0.3s ease 0s, box-shadow 0.3s ease 0s, -webkit-border-radius 0.3s ease 0s, -webkit-box-shadow 0.3s ease 0s;\"><h2 style=\"overflow-wrap: break-word; font-size: 20px; line-height: 26px; font-family: Mulish, sans-serif; letter-spacing: 0px;\"><b style=\"color: #313e49; font-family: 'Nunito Sans', sans-serif; font-size: 16px; letter-spacing: 0.2px;\">5) Altre informazioni sui canali social di Natale Calvo<\/b><\/h2><div><b style=\"color: #313e49; font-family: 'Nunito Sans', sans-serif; font-size: 16px; letter-spacing: 0.2px;\">Instagram<\/b><\/div><div><b style=\"color: #313e49; font-family: 'Nunito Sans', sans-serif; font-size: 16px; letter-spacing: 0.2px;\"> <\/b><\/div><div>Natale Calvo gestisce l&#8217;account Instagram raggiungibile <a href=\"https:\/\/www.instagram.com\/pizzeriacalvonatale\" target=\"_blank\" rel=\"noopener\">cliccando qui<\/a>.<\/div><div><span style=\"letter-spacing: 0.2px; font-size: var( --e-global-typography-text-font-size ); font-weight: var( --e-global-typography-text-font-weight );\"> <\/span><\/div><div><span style=\"letter-spacing: 0.2px; font-size: var( --e-global-typography-text-font-size ); font-weight: var( --e-global-typography-text-font-weight );\">In <\/span><a style=\"background-color: #fbfdfe; letter-spacing: 0.2px; font-size: var( --e-global-typography-text-font-size ); font-weight: var( --e-global-typography-text-font-weight );\" href=\"https:\/\/help.instagram.com\/519522125107875\" target=\"_blank\" rel=\"noopener\">questa pagina<\/a><span style=\"letter-spacing: 0.2px; font-size: var( --e-global-typography-text-font-size ); font-weight: var( --e-global-typography-text-font-weight );\"> puoi consultare l&#8217;informativa privacy di Instagram.<\/span><\/div><div>In <a href=\"https:\/\/help.instagram.com\/1896641480634370?ref=ig\" target=\"_blank\" rel=\"noopener\">questa pagina<\/a> puoi consultare l&#8217;informativa cookie di Instagram<\/div><div> <\/div><\/div><\/div><\/div><p><b>6) Informazioni aziendali<\/b><\/p><p>La pizza di Calvo Natale &amp; C. s.a.s.<br>Piazza Mazzini 13 \u2013 54011 Aulla (MS).<br>P.IVA: 00582080453<\/p>\t\t\t\t\t\t\t\t<\/div>\n\t\t\t\t<\/div>\n\t\t\t\t\t<\/div>\n\t\t<\/div>\n\t\t\t\t\t<\/div>\n\t\t<\/section>\n\t\t\t\t<\/div>\n\t\t","protected":false},"excerpt":{"rendered":"<p>Privacy Policy Prima di comunicarci qualsiasi tipo di dato personale, ti invitiamo a leggere con attenzione questa informativa privacy. Questa informativa privacy si intende resa per: Il sito www.lapizzadicalvonatale.it La pagina facebook La pagina Instagram ma non per altri siti web esterni consultabili eventualmente dall\u2019utente tramite link. Questa informativa \u00e8 fornita ai sensi dell\u2019art. 13 [&hellip;]<\/p>\n","protected":false},"author":1,"featured_media":0,"parent":0,"menu_order":0,"comment_status":"closed","ping_status":"open","template":"","meta":{"footnotes":""},"class_list":["post-496","page","type-page","status-publish","hentry"],"yoast_head":"<!-- This site is optimized with the Yoast SEO plugin v24.9 - https:\/\/yoast.com\/wordpress\/plugins\/seo\/ -->\n<title>Privacy Policy - Da Natale pizza e farinata<\/title>\n<meta name=\"robots\" content=\"index, follow, max-snippet:-1, max-image-preview:large, max-video-preview:-1\" \/>\n<link rel=\"canonical\" href=\"https:\/\/www.lapizzadicalvonatale.it\/en\/privacy-policy\/\" \/>\n<meta property=\"og:locale\" content=\"en_US\" \/>\n<meta property=\"og:type\" content=\"article\" \/>\n<meta property=\"og:title\" content=\"Privacy Policy - Da Natale pizza e farinata\" \/>\n<meta property=\"og:description\" content=\"Privacy Policy Prima di comunicarci qualsiasi tipo di dato personale, ti invitiamo a leggere con attenzione questa informativa privacy. Questa informativa privacy si intende resa per: Il sito www.lapizzadicalvonatale.it La pagina facebook La pagina Instagram ma non per altri siti web esterni consultabili eventualmente dall\u2019utente tramite link. Questa informativa \u00e8 fornita ai sensi dell\u2019art. 13 [&hellip;]\" \/>\n<meta property=\"og:url\" content=\"https:\/\/www.lapizzadicalvonatale.it\/en\/privacy-policy\/\" \/>\n<meta property=\"og:site_name\" content=\"Da Natale pizza e farinata\" \/>\n<meta property=\"article:publisher\" content=\"https:\/\/www.facebook.com\/pages\/La-Pizza-Di-Calvo-Natale\/137509566295544\" \/>\n<meta property=\"article:modified_time\" content=\"2022-11-07T14:58:39+00:00\" \/>\n<meta name=\"twitter:card\" content=\"summary_large_image\" \/>\n<meta name=\"twitter:label1\" content=\"Est. reading time\" \/>\n\t<meta name=\"twitter:data1\" content=\"7 minutes\" \/>\n<script type=\"application\/ld+json\" class=\"yoast-schema-graph\">{\"@context\":\"https:\/\/schema.org\",\"@graph\":[{\"@type\":\"WebPage\",\"@id\":\"https:\/\/www.lapizzadicalvonatale.it\/en\/privacy-policy\/\",\"url\":\"https:\/\/www.lapizzadicalvonatale.it\/en\/privacy-policy\/\",\"name\":\"Privacy Policy - Da Natale pizza e farinata\",\"isPartOf\":{\"@id\":\"https:\/\/www.lapizzadicalvonatale.it\/#website\"},\"datePublished\":\"2022-10-20T09:50:50+00:00\",\"dateModified\":\"2022-11-07T14:58:39+00:00\",\"breadcrumb\":{\"@id\":\"https:\/\/www.lapizzadicalvonatale.it\/en\/privacy-policy\/#breadcrumb\"},\"inLanguage\":\"en-US\",\"potentialAction\":[{\"@type\":\"ReadAction\",\"target\":[\"https:\/\/www.lapizzadicalvonatale.it\/en\/privacy-policy\/\"]}]},{\"@type\":\"BreadcrumbList\",\"@id\":\"https:\/\/www.lapizzadicalvonatale.it\/en\/privacy-policy\/#breadcrumb\",\"itemListElement\":[{\"@type\":\"ListItem\",\"position\":1,\"name\":\"Home\",\"item\":\"https:\/\/www.lapizzadicalvonatale.it\/en\/home\/\"},{\"@type\":\"ListItem\",\"position\":2,\"name\":\"Privacy Policy\"}]},{\"@type\":\"WebSite\",\"@id\":\"https:\/\/www.lapizzadicalvonatale.it\/#website\",\"url\":\"https:\/\/www.lapizzadicalvonatale.it\/\",\"name\":\"Da Natale pizza e farinata\",\"description\":\"\",\"publisher\":{\"@id\":\"https:\/\/www.lapizzadicalvonatale.it\/#organization\"},\"potentialAction\":[{\"@type\":\"SearchAction\",\"target\":{\"@type\":\"EntryPoint\",\"urlTemplate\":\"https:\/\/www.lapizzadicalvonatale.it\/?s={search_term_string}\"},\"query-input\":{\"@type\":\"PropertyValueSpecification\",\"valueRequired\":true,\"valueName\":\"search_term_string\"}}],\"inLanguage\":\"en-US\"},{\"@type\":\"Organization\",\"@id\":\"https:\/\/www.lapizzadicalvonatale.it\/#organization\",\"name\":\"Da Natale pizza e farinata\",\"url\":\"https:\/\/www.lapizzadicalvonatale.it\/\",\"logo\":{\"@type\":\"ImageObject\",\"inLanguage\":\"en-US\",\"@id\":\"https:\/\/www.lapizzadicalvonatale.it\/#\/schema\/logo\/image\/\",\"url\":\"https:\/\/www.lapizzadicalvonatale.it\/wp-content\/uploads\/2022\/10\/logo-da-natale.png\",\"contentUrl\":\"https:\/\/www.lapizzadicalvonatale.it\/wp-content\/uploads\/2022\/10\/logo-da-natale.png\",\"width\":120,\"height\":90,\"caption\":\"Da Natale pizza e farinata\"},\"image\":{\"@id\":\"https:\/\/www.lapizzadicalvonatale.it\/#\/schema\/logo\/image\/\"},\"sameAs\":[\"https:\/\/www.facebook.com\/pages\/La-Pizza-Di-Calvo-Natale\/137509566295544\",\"https:\/\/www.instagram.com\/pizzeriacalvonatale\/\"]}]}<\/script>\n<!-- \/ Yoast SEO plugin. -->","yoast_head_json":{"title":"Privacy Policy - Da Natale pizza e farinata","robots":{"index":"index","follow":"follow","max-snippet":"max-snippet:-1","max-image-preview":"max-image-preview:large","max-video-preview":"max-video-preview:-1"},"canonical":"https:\/\/www.lapizzadicalvonatale.it\/en\/privacy-policy\/","og_locale":"en_US","og_type":"article","og_title":"Privacy Policy - Da Natale pizza e farinata","og_description":"Privacy Policy Prima di comunicarci qualsiasi tipo di dato personale, ti invitiamo a leggere con attenzione questa informativa privacy. Questa informativa privacy si intende resa per: Il sito www.lapizzadicalvonatale.it La pagina facebook La pagina Instagram ma non per altri siti web esterni consultabili eventualmente dall\u2019utente tramite link. Questa informativa \u00e8 fornita ai sensi dell\u2019art. 13 [&hellip;]","og_url":"https:\/\/www.lapizzadicalvonatale.it\/en\/privacy-policy\/","og_site_name":"Da Natale pizza e farinata","article_publisher":"https:\/\/www.facebook.com\/pages\/La-Pizza-Di-Calvo-Natale\/137509566295544","article_modified_time":"2022-11-07T14:58:39+00:00","twitter_card":"summary_large_image","twitter_misc":{"Est. reading time":"7 minutes"},"schema":{"@context":"https:\/\/schema.org","@graph":[{"@type":"WebPage","@id":"https:\/\/www.lapizzadicalvonatale.it\/en\/privacy-policy\/","url":"https:\/\/www.lapizzadicalvonatale.it\/en\/privacy-policy\/","name":"Privacy Policy - Da Natale pizza e farinata","isPartOf":{"@id":"https:\/\/www.lapizzadicalvonatale.it\/#website"},"datePublished":"2022-10-20T09:50:50+00:00","dateModified":"2022-11-07T14:58:39+00:00","breadcrumb":{"@id":"https:\/\/www.lapizzadicalvonatale.it\/en\/privacy-policy\/#breadcrumb"},"inLanguage":"en-US","potentialAction":[{"@type":"ReadAction","target":["https:\/\/www.lapizzadicalvonatale.it\/en\/privacy-policy\/"]}]},{"@type":"BreadcrumbList","@id":"https:\/\/www.lapizzadicalvonatale.it\/en\/privacy-policy\/#breadcrumb","itemListElement":[{"@type":"ListItem","position":1,"name":"Home","item":"https:\/\/www.lapizzadicalvonatale.it\/en\/home\/"},{"@type":"ListItem","position":2,"name":"Privacy Policy"}]},{"@type":"WebSite","@id":"https:\/\/www.lapizzadicalvonatale.it\/#website","url":"https:\/\/www.lapizzadicalvonatale.it\/","name":"Da Natale pizza e farinata","description":"","publisher":{"@id":"https:\/\/www.lapizzadicalvonatale.it\/#organization"},"potentialAction":[{"@type":"SearchAction","target":{"@type":"EntryPoint","urlTemplate":"https:\/\/www.lapizzadicalvonatale.it\/?s={search_term_string}"},"query-input":{"@type":"PropertyValueSpecification","valueRequired":true,"valueName":"search_term_string"}}],"inLanguage":"en-US"},{"@type":"Organization","@id":"https:\/\/www.lapizzadicalvonatale.it\/#organization","name":"Da Natale pizza e farinata","url":"https:\/\/www.lapizzadicalvonatale.it\/","logo":{"@type":"ImageObject","inLanguage":"en-US","@id":"https:\/\/www.lapizzadicalvonatale.it\/#\/schema\/logo\/image\/","url":"https:\/\/www.lapizzadicalvonatale.it\/wp-content\/uploads\/2022\/10\/logo-da-natale.png","contentUrl":"https:\/\/www.lapizzadicalvonatale.it\/wp-content\/uploads\/2022\/10\/logo-da-natale.png","width":120,"height":90,"caption":"Da Natale pizza e farinata"},"image":{"@id":"https:\/\/www.lapizzadicalvonatale.it\/#\/schema\/logo\/image\/"},"sameAs":["https:\/\/www.facebook.com\/pages\/La-Pizza-Di-Calvo-Natale\/137509566295544","https:\/\/www.instagram.com\/pizzeriacalvonatale\/"]}]}},"_links":{"self":[{"href":"https:\/\/www.lapizzadicalvonatale.it\/en\/wp-json\/wp\/v2\/pages\/496","targetHints":{"allow":["GET"]}}],"collection":[{"href":"https:\/\/www.lapizzadicalvonatale.it\/en\/wp-json\/wp\/v2\/pages"}],"about":[{"href":"https:\/\/www.lapizzadicalvonatale.it\/en\/wp-json\/wp\/v2\/types\/page"}],"author":[{"embeddable":true,"href":"https:\/\/www.lapizzadicalvonatale.it\/en\/wp-json\/wp\/v2\/users\/1"}],"replies":[{"embeddable":true,"href":"https:\/\/www.lapizzadicalvonatale.it\/en\/wp-json\/wp\/v2\/comments?post=496"}],"version-history":[{"count":4,"href":"https:\/\/www.lapizzadicalvonatale.it\/en\/wp-json\/wp\/v2\/pages\/496\/revisions"}],"predecessor-version":[{"id":721,"href":"https:\/\/www.lapizzadicalvonatale.it\/en\/wp-json\/wp\/v2\/pages\/496\/revisions\/721"}],"wp:attachment":[{"href":"https:\/\/www.lapizzadicalvonatale.it\/en\/wp-json\/wp\/v2\/media?parent=496"}],"curies":[{"name":"wp","href":"https:\/\/api.w.org\/{rel}","templated":true}]}}